{"id":7971,"date":"2026-02-01T17:54:46","date_gmt":"2026-02-01T16:54:46","guid":{"rendered":"https:\/\/crapahu.fr\/?page_id=7971"},"modified":"2026-02-01T18:56:27","modified_gmt":"2026-02-01T17:56:27","slug":"acces-aux-randotheques","status":"publish","type":"page","link":"https:\/\/crapahu.fr\/?page_id=7971","title":{"rendered":"Randoth\u00e8ques"},"content":{"rendered":"\n<ul class=\"wp-block-list\"><\/ul>\n\n\n\n<p>Vous trouverez dans le menu de la Randoth\u00e8que diff\u00e9rents circuits :<\/p>\n\n\n\n<p>Liste des randonn\u00e9es les plus r\u00e9centes r\u00e9alis\u00e9es par les animateurs de CRAPAHU<\/p>\n\n\n\n<ul class=\"wp-block-list\">\n<li>Circuits GPX des animateurs de CRAPAHU<\/li>\n<\/ul>\n\n\n\n<p>Certaines randonn\u00e9es du catalogue de la FFRandonn\u00e9e Essonne, disponible aussi sur leur site <a href=\"https:\/\/www.rando91.com\/randonner\/randofiches\/secteur-1\/\">https:\/\/www.rando91.com\/randonner\/randofiches\/secteur-1\/<\/a><\/p>\n\n\n\n<ul class=\"wp-block-list\">\n<li>Circuits GPX de la FFRandonn\u00e9e Essonne<\/li>\n<\/ul>\n\n\n\n<p>Les diff\u00e9rents circuits qui ont \u00e9t\u00e9 r\u00e9alis\u00e9s les ann\u00e9es pr\u00e9c\u00e9dentes<\/p>\n\n\n\n<ul class=\"wp-block-list\">\n<li>Randoth\u00e8que g\u00e9n\u00e9rale de CRAPAHU<\/li>\n<\/ul>\n\n\n\n<ul class=\"wp-block-list\"><\/ul>\n\n\n\n<ul class=\"wp-block-list\"><\/ul>\n\n\n\n<ul class=\"wp-block-list\"><\/ul>\n\n\n\n<p><\/p>\n","protected":false},"excerpt":{"rendered":"<p>Vous trouverez dans le menu de la Randoth\u00e8que diff\u00e9rents circuits : Liste des randonn\u00e9es les plus r\u00e9centes r\u00e9alis\u00e9es par les animateurs de CRAPAHU Certaines randonn\u00e9es du catalogue de la FFRandonn\u00e9e&hellip;<\/p>\n","protected":false},"author":414,"featured_media":0,"parent":0,"menu_order":0,"comment_status":"closed","ping_status":"closed","template":"","meta":{"footnotes":""},"class_list":["post-7971","page","type-page","status-publish","hentry","no-post-thumbnail"],"_links":{"self":[{"href":"https:\/\/crapahu.fr\/index.php?rest_route=\/wp\/v2\/pages\/7971","targetHints":{"allow":["GET"]}}],"collection":[{"href":"https:\/\/crapahu.fr\/index.php?rest_route=\/wp\/v2\/pages"}],"about":[{"href":"https:\/\/crapahu.fr\/index.php?rest_route=\/wp\/v2\/types\/page"}],"author":[{"embeddable":true,"href":"https:\/\/crapahu.fr\/index.php?rest_route=\/wp\/v2\/users\/414"}],"replies":[{"embeddable":true,"href":"https:\/\/crapahu.fr\/index.php?rest_route=%2Fwp%2Fv2%2Fcomments&post=7971"}],"version-history":[{"count":4,"href":"https:\/\/crapahu.fr\/index.php?rest_route=\/wp\/v2\/pages\/7971\/revisions"}],"predecessor-version":[{"id":7994,"href":"https:\/\/crapahu.fr\/index.php?rest_route=\/wp\/v2\/pages\/7971\/revisions\/7994"}],"wp:attachment":[{"href":"https:\/\/crapahu.fr\/index.php?rest_route=%2Fwp%2Fv2%2Fmedia&parent=7971"}],"curies":[{"name":"wp","href":"https:\/\/api.w.org\/{rel}","templated":true}]}}