{"id":78,"date":"2018-02-26T16:17:52","date_gmt":"2018-02-26T15:17:52","guid":{"rendered":"http:\/\/crapahu.fr\/?page_id=78"},"modified":"2018-05-18T08:14:24","modified_gmt":"2018-05-18T06:14:24","slug":"reglement-interieur","status":"publish","type":"page","link":"https:\/\/crapahu.fr\/?page_id=78","title":{"rendered":"R\u00e9glement int\u00e9rieur"},"content":{"rendered":"<table width=\"0\">\n<tbody>\n<tr>\n<td width=\"269\">\n<p style=\"text-align: center;\"><strong>CRAPAHU<\/strong><\/p>\n<p style=\"text-align: center;\"><strong>Club de RAndonn\u00e9e du PAys du HUrepoix<\/strong><\/p>\n<\/td>\n<td width=\"372\">&nbsp;<\/p>\n<p><strong>REGLEMENT INTERIEUR<\/strong><\/p>\n<p>&nbsp;<\/p>\n<p>&nbsp;<\/p>\n<p>&nbsp;<\/p>\n<p><strong>Approuv\u00e9 par l\u2019assembl\u00e9e g\u00e9n\u00e9rale du 25 janvier 2015<\/strong><\/td>\n<\/tr>\n<\/tbody>\n<\/table>\n<p>&nbsp;<\/p>\n<p><strong>\u00a0<\/strong><\/p>\n<p><strong>Article 1\u00a0: Objet<\/strong><\/p>\n<p>&nbsp;<\/p>\n<p>Le r\u00e8glement int\u00e9rieur a pour objet\u00a0:<\/p>\n<ul>\n<li>De pr\u00e9ciser les modalit\u00e9s d\u2019application des statuts,<\/li>\n<li>De fixer les points non pr\u00e9vus dans les statuts.<\/li>\n<\/ul>\n<p>&nbsp;<\/p>\n<p><strong>Article 2\u00a0: Cotisation<\/strong><\/p>\n<p>&nbsp;<\/p>\n<p>2-1 La cotisation est \u00e0 r\u00e9gler avant le 1<sup>er<\/sup> octobre en cas de renouvellement, ponctuellement dans le cas d\u2019une premi\u00e8re participation \u00e0 une activit\u00e9 de l\u2019association.<\/p>\n<p>&nbsp;<\/p>\n<p>2-2 La cotisation comprend\u00a0:<\/p>\n<ul>\n<li>La licence IRA (ou FRA) \u00e0 la F\u00e9d\u00e9ration Fran\u00e7aise de Randonn\u00e9e P\u00e9destre. Licence avec l\u2019assurance responsabilit\u00e9 civile et accident.<\/li>\n<li>La part restant \u00e0 l\u2019association,<\/li>\n<\/ul>\n<p>&nbsp;<\/p>\n<p>2-3 La part de la cotisation restant \u00e0 l\u2019association est fix\u00e9e en assembl\u00e9e g\u00e9n\u00e9rale.<\/p>\n<p>&nbsp;<\/p>\n<p>2-4 Tout membre du CRAPAHU justifiant d\u2019une licence FFRP obtenue par ailleurs (membre d\u2019une association affili\u00e9e \u00e0 la FFRP, \u2026) ne paie que la cotisation club \u00e0 l\u2019association.<\/p>\n<p>&nbsp;<\/p>\n<p>2-5 Les modalit\u00e9s de licence familiale s\u2019appliquent \u00e0 la cotisation proprement dite \u00e0 l\u2019association.<\/p>\n<p>&nbsp;<\/p>\n<p><strong>Article 3\u00a0: Adh\u00e9sion<\/strong><\/p>\n<p>&nbsp;<\/p>\n<p>3-1 Tout adh\u00e9rent, apr\u00e8s avoir rempli un bulletin d\u2019adh\u00e9sion, fourni son certificat m\u00e9dical et acquitt\u00e9 la cotisation, re\u00e7oit sa licence de la FFRP. Une facture peut \u00eatre d\u00e9livr\u00e9e sur demande.<\/p>\n<p>3-2 Lors de sa premi\u00e8re adh\u00e9sion le nouvel adh\u00e9rent re\u00e7oit un exemplaire des statuts et du r\u00e8glement int\u00e9rieur du CRAPAHU. En cas de modification de ces textes un nouvel exemplaire est fourni \u00e0 chaque adh\u00e9rent.<\/p>\n<p>3-3 Les dates de validit\u00e9 de l\u2019adh\u00e9sion sont celles d\u00e9finies par la FFRP\u00a0: du 1<sup>er<\/sup> septembre au 31 d\u00e9cembre de l\u2019ann\u00e9e suivante, afin de permettre le renouvellement des licences sans interruption de garantie.<\/p>\n<p>3-4 Une ligne sur le formulaire d\u2019adh\u00e9sion (\u00e0 partir de la saison 2015\/2016) pr\u00e9cisera le droit \u00e0 l\u2019image<\/p>\n<p>&nbsp;<\/p>\n<p><strong>Article 4\u00a0: Fonctionnement de l\u2019association<\/strong><\/p>\n<p><strong>\u00a0<\/strong><\/p>\n<p>4-1 Composition du bureau\u00a0:<\/p>\n<p>En compl\u00e9ment des postes de pr\u00e9sident, vice-pr\u00e9sident, secr\u00e9taire, secr\u00e9taire adjoint, tr\u00e9sorier et tr\u00e9sorier adjoint des postes compl\u00e9mentaires pourront \u00eatre pourvus. Ces postes, dans la limite pr\u00e9vu dans les statuts, seront associ\u00e9s \u00e0 des fonctions d\u00e9finies par le bureau.<\/p>\n<p>&nbsp;<\/p>\n<p>4-2\u00a0: La p\u00e9riode d\u2019exercice comptable de l\u2019association est du 1<sup>er<\/sup> septembre au 31 ao\u00fbt.<\/p>\n<p>&nbsp;<\/p>\n<p><strong>Article 5\u00a0: Assurance<\/strong><\/p>\n<p>A titre transitoire le contrat global responsabilit\u00e9 civile et accident est maintenu pour l\u2019ensemble des activit\u00e9s que CRAPAHU organise. Les d\u00e9tails de ce contrat peuvent \u00eatre fournis, sur demande, aux adh\u00e9rents.<\/p>\n<p>&nbsp;<\/p>\n<p>L\u2019association devra informer ses membres des options compl\u00e9mentaires propos\u00e9es par l\u2019assureur retenu.<\/p>\n<p>&nbsp;<\/p>\n<p><strong>Article 6\u00a0: Participants occasionnels<\/strong><\/p>\n<p>&nbsp;<\/p>\n<p>Une personne non-adh\u00e9rente au CRAPAHU peut participer occasionnellement \u00e0 une (et une seule) activit\u00e9 de l\u2019association sous r\u00e9serve\u00a0:<\/p>\n<p>&nbsp;<\/p>\n<ul>\n<li>Qu\u2019il s\u2019agisse d\u2019un essai pr\u00e9alable \u00e0 l\u2019adh\u00e9sion, ou qu\u2019elle ait \u00e9t\u00e9 invit\u00e9e par un membre de l\u2019association,<\/li>\n<li>Que l\u2019activit\u00e9 concern\u00e9e ne soit pas un s\u00e9jour de plusieurs jours ou une \u00e9preuve sportive de randonn\u00e9e p\u00e9destre.<\/li>\n<\/ul>\n<p>&nbsp;<\/p>\n<p><strong>Article 7\u00a0: Organisation des activit\u00e9s<\/strong><\/p>\n<p>&nbsp;<\/p>\n<p>L\u2019activit\u00e9 du CRAPAHU est principalement constitu\u00e9e de plusieurs cat\u00e9gories\u00a0:<\/p>\n<ul>\n<li>Les randonn\u00e9es de journ\u00e9e (ou demi-journ\u00e9e),<\/li>\n<li>La marche nordique<\/li>\n<li>La \u00ab\u00a0rando douce\u00a0\u00bb<\/li>\n<li>Les s\u00e9jours<\/li>\n<\/ul>\n<p>&nbsp;<\/p>\n<p>Ces activit\u00e9s sont d\u00e9cid\u00e9es \u00e0 l\u2019occasion des r\u00e9unions de planification, les modalit\u00e9s de ces r\u00e9unions sont les suivantes\u00a0:<\/p>\n<ul>\n<li>Les adh\u00e9rents, \u00e0 jour de leur cotisation, sont convoqu\u00e9s \u00e0 ces r\u00e9unions. Lorsqu\u2019une premi\u00e8re r\u00e9union a lieu avant la p\u00e9riode d\u2019inscription, les adh\u00e9rents de la p\u00e9riode pr\u00e9c\u00e9dente sont convoqu\u00e9s.<\/li>\n<li>Ces r\u00e9unions peuvent se tenir \u00e0 la suite d\u2019une assembl\u00e9e g\u00e9n\u00e9rale.<\/li>\n<li>Ces r\u00e9unions d\u00e9lib\u00e8rent avec les personnes pr\u00e9sentes, aucun quorum n\u2019est requis et elles ne comportent pas de modalit\u00e9s de procuration.<\/li>\n<\/ul>\n<p>&nbsp;<\/p>\n<p>7-1 Deux planning de toutes les sorties sont \u00e9tablis et diffus\u00e9s \u00e0 l\u2019ensemble des adh\u00e9rents.<\/p>\n<ul>\n<li>De septembre \u00e0 d\u00e9cembre<\/li>\n<li>De janvier \u00e0 juin7-2 Les s\u00e9jours peuvent \u00eatre propos\u00e9s par tous les membres du CRAPAHU. Ils doivent \u00eatre propos\u00e9s \u00e0 l\u2019occasion des r\u00e9unions de planification avec les informations suivantes\u00a0:<\/li>\n<li><\/li>\n<\/ul>\n<ul>\n<li>Propositions de dur\u00e9e et de dates,<\/li>\n<li>Nombre de participants maximum<\/li>\n<li>Informations sur la nature des randonn\u00e9es,<\/li>\n<li>Informations sur le(s) lieu(x) d\u2019h\u00e9bergement,<\/li>\n<li>Estimation du co\u00fbt du s\u00e9jour.<\/li>\n<\/ul>\n<p>Les propositions de s\u00e9jours seront faites apr\u00e8s \u00eatre valid\u00e9es par le bureau \u00e0 l\u2019occasion des r\u00e9unions de programmation.<\/p>\n<p>&#8220;A titre exceptionnel des s\u00e9jours pourraient \u00eatre propos\u00e9s, au Bureau, en dehors de\u00a0ces r\u00e9unions de planification.\u00a0Le Bureau\u00a0jugera\u00a0opportun de\u00a0les proposer ou pas aux adh\u00e9rents&#8221;<\/p>\n<p>&nbsp;<\/p>\n<p>7-3 S\u00e9jours\u00a0:<\/p>\n<p>&nbsp;<\/p>\n<ul>\n<li><strong>Organisation des s\u00e9jours <\/strong>: pour chacun des s\u00e9jours Le CRAPAHU peut assurer une mission de n\u00e9gociateur, de coordonnateur ou exceptionnellement d\u2019organisateur.<\/li>\n<\/ul>\n<p>&nbsp;<\/p>\n<ul>\n<li><strong>Assurance rapatriement <\/strong>: elle est garantie par l&#8217;assurance souscrite par le CRAPAHU<\/li>\n<\/ul>\n<p>&nbsp;<\/p>\n<ul>\n<li><strong>Garantie voyage location <\/strong>: elle sera souscrite par le CRAPAHU pour le compte de <strong>tous<\/strong> les participants d&#8217;un s\u00e9jour lorsque le co\u00fbt de tout ou partie du dit s\u00e9jour sera forfaitaire.<br \/>\nLorsque le s\u00e9jour est propos\u00e9 par un prestataire ext\u00e9rieur, \u00e0 charge pour chacun des participants de choisir ou pas l&#8217;assurance annulation propos\u00e9e par le prestataire.<br \/>\nEn aucun cas le CRAPAHU ne remboursera les co\u00fbts des s\u00e9jours garantis par les assurances cit\u00e9es ci-dessus.<\/li>\n<\/ul>\n<p>&nbsp;<\/p>\n<ul>\n<li><strong>Paiement du s\u00e9jour<\/strong> : si les inscriptions sont individuelles aupr\u00e8s d&#8217;un prestataire ext\u00e9rieur. Les participants devront respecter les modalit\u00e9s de paiement et de remboursement propos\u00e9es par le prestataire. Sinon, les participants devront r\u00e9gler les avances et le solde du s\u00e9jour selon les demandes \u00e9tablies par le CRAPAHU, et, en cas d&#8217;annulation individuelle le CRAPAHU remboursera les avances apr\u00e8s d\u00e9duction des frais r\u00e9ellement engag\u00e9s.<\/li>\n<\/ul>\n<p>&nbsp;<\/p>\n<p>7-4 modalit\u00e9s concernant les s\u00e9jours\u00a0:<\/p>\n<ol>\n<li>La participation aux s\u00e9jours est r\u00e9serv\u00e9e aux adh\u00e9rents ayant une pratique r\u00e9guli\u00e8re de la randonn\u00e9e. Pour cette raison l\u2019acc\u00e8s aux s\u00e9jours sera conditionn\u00e9 \u00e0 la participation aux sorties randonn\u00e9es de la saison en cours.<\/li>\n<\/ol>\n<ol>\n<li>b) Les conjoints membres bienfaiteurs peuvent accompagner les groupes sous r\u00e9serve de l\u2019accord du responsable du s\u00e9jour et dans la limite des places disponibles.<\/li>\n<li>c) L\u2019ensemble des d\u00e9penses du s\u00e9jour est r\u00e9parti sur l\u2019ensemble des participants. Seules les d\u00e9penses de documentation (cartes et topo-guides) sont prises en charge par l\u2019association, ces d\u00e9penses ne peuvent \u00eatre engag\u00e9es sans l\u2019accord pr\u00e9alable du bureau.<\/li>\n<\/ol>\n<p>&nbsp;<\/p>\n<p><strong>Article 8\u00a0: Organisation des randonn\u00e9es<\/strong><\/p>\n<p>&nbsp;<\/p>\n<p>8-1 Au moins un organisateur est d\u00e9sign\u00e9 pour chaque randonn\u00e9e.<\/p>\n<p>&nbsp;<\/p>\n<ul>\n<li>L\u2019organisateur a en charge la pr\u00e9paration, l\u2019organisation et la responsabilit\u00e9 de la randonn\u00e9e qui lui est attribu\u00e9e,<\/li>\n<li>L\u2019organisateur est tenu d\u2019appliquer et de faire respecter les consignes de s\u00e9curit\u00e9 d\u00e9finies dans le r\u00e8glement encadrement et s\u00e9curit\u00e9 de la FFRP,<\/li>\n<li>L\u2019organisateur peut \u00e9ventuellement refuser la participation \u00e0 sa randonn\u00e9e de toute personne qu\u2019il estime ne pas avoir les \u00e9quipements ou les capacit\u00e9s adapt\u00e9s au parcours pr\u00e9vu.<\/li>\n<\/ul>\n<p>&nbsp;<\/p>\n<p>8-2 les animaux de compagnie ne sont pas admis dans les randonn\u00e9es.<\/p>\n<p>&nbsp;<\/p>\n<p>8-3 tout participant \u00e0 une randonn\u00e9e organis\u00e9e par le CRAPAHU est tenu d\u2019appliquer les consignes d\u00e9finies par l\u2019organisateur. En cas d\u2019accident, la responsabilit\u00e9 p\u00e9nale de l\u2019organisateur ne pourra \u00eatre engag\u00e9e que si, apr\u00e8s enqu\u00eate des autorit\u00e9s, il appara\u00eet qu\u2019il a manqu\u00e9 au devoir de s\u00e9curit\u00e9 et de prudence en mettant en p\u00e9ril la vie ou la s\u00e9curit\u00e9 d\u2019autrui.<\/p>\n<p>&nbsp;<\/p>\n<p>&nbsp;<\/p>\n<p>&nbsp;<\/p>\n<p>Le Pr\u00e9sident,\u00a0\u00a0\u00a0\u00a0\u00a0\u00a0\u00a0\u00a0\u00a0\u00a0\u00a0\u00a0\u00a0\u00a0\u00a0\u00a0\u00a0\u00a0\u00a0\u00a0\u00a0\u00a0\u00a0\u00a0\u00a0\u00a0\u00a0\u00a0\u00a0\u00a0\u00a0\u00a0\u00a0\u00a0\u00a0\u00a0\u00a0\u00a0\u00a0\u00a0\u00a0\u00a0\u00a0\u00a0\u00a0\u00a0\u00a0\u00a0\u00a0\u00a0\u00a0\u00a0\u00a0\u00a0\u00a0\u00a0\u00a0\u00a0\u00a0\u00a0\u00a0\u00a0\u00a0\u00a0\u00a0\u00a0\u00a0\u00a0\u00a0\u00a0\u00a0\u00a0\u00a0\u00a0\u00a0\u00a0\u00a0\u00a0\u00a0\u00a0\u00a0\u00a0\u00a0\u00a0\u00a0 La Secr\u00e9taire,<\/p>\n<p>&nbsp;<\/p>\n<p>Num\u00e9ro d&#8217;agr\u00e9ment pr\u00e9fectoral : W913004397<\/p>\n","protected":false},"excerpt":{"rendered":"<p>CRAPAHU Club de RAndonn\u00e9e du PAys du HUrepoix &nbsp; REGLEMENT INTERIEUR &nbsp; &nbsp; &nbsp; Approuv\u00e9 par l\u2019assembl\u00e9e g\u00e9n\u00e9rale du 25 janvier 2015 &nbsp; \u00a0 Article 1\u00a0: Objet &nbsp; Le r\u00e8glement&hellip;<\/p>\n","protected":false},"author":417,"featured_media":0,"parent":82,"menu_order":3,"comment_status":"closed","ping_status":"closed","template":"","meta":{"footnotes":""},"class_list":["post-78","page","type-page","status-publish","hentry","no-post-thumbnail"],"_links":{"self":[{"href":"https:\/\/crapahu.fr\/index.php?rest_route=\/wp\/v2\/pages\/78","targetHints":{"allow":["GET"]}}],"collection":[{"href":"https:\/\/crapahu.fr\/index.php?rest_route=\/wp\/v2\/pages"}],"about":[{"href":"https:\/\/crapahu.fr\/index.php?rest_route=\/wp\/v2\/types\/page"}],"author":[{"embeddable":true,"href":"https:\/\/crapahu.fr\/index.php?rest_route=\/wp\/v2\/users\/417"}],"replies":[{"embeddable":true,"href":"https:\/\/crapahu.fr\/index.php?rest_route=%2Fwp%2Fv2%2Fcomments&post=78"}],"version-history":[{"count":3,"href":"https:\/\/crapahu.fr\/index.php?rest_route=\/wp\/v2\/pages\/78\/revisions"}],"predecessor-version":[{"id":2123,"href":"https:\/\/crapahu.fr\/index.php?rest_route=\/wp\/v2\/pages\/78\/revisions\/2123"}],"up":[{"embeddable":true,"href":"https:\/\/crapahu.fr\/index.php?rest_route=\/wp\/v2\/pages\/82"}],"wp:attachment":[{"href":"https:\/\/crapahu.fr\/index.php?rest_route=%2Fwp%2Fv2%2Fmedia&parent=78"}],"curies":[{"name":"wp","href":"https:\/\/api.w.org\/{rel}","templated":true}]}}