{"id":7252,"date":"2025-11-09T19:26:57","date_gmt":"2025-11-09T18:26:57","guid":{"rendered":"https:\/\/crapahu.fr\/?page_id=7252"},"modified":"2026-01-10T18:30:39","modified_gmt":"2026-01-10T17:30:39","slug":"cal-mn","status":"publish","type":"page","link":"https:\/\/crapahu.fr\/?page_id=7252","title":{"rendered":"Calendrier MN &amp; MNM"},"content":{"rendered":"\t\t<div class=\"wpfc-calendar-wrapper\"><form class=\"wpfc-calendar\" id=\"wpfc-calendar-29914\"><\/form><div class=\"wpfc-loading\"><\/div><\/div>\r\n\t\t<div class=\"wpfc-calendar-search\" style=\"display:none;\">\r\n\t\t\t<select  name='event-categories' id='event-categories' class='wpfc-taxonomy event-categories'>\n\t<option value='0'>Tous les \u00c9v\u00e8nement Categories<\/option>\n<option class=\"level-0\" value=\"2\">#dd0000 - Marche Nordique<\/option><option class=\"level-1\" value=\"34\">&nbsp;&nbsp;&nbsp;#dd3333 - Marche Nordique Samedi<\/option><option class=\"level-1\" value=\"35\">&nbsp;&nbsp;&nbsp;#dd3333 - Marche Nordique Dimanche<\/option><option class=\"level-1\" value=\"36\">&nbsp;&nbsp;&nbsp;#dd0000 - Marche Nordique Mardi<\/option><option class=\"level-0\" value=\"3\">#3e9b17 - Randonn\u00e9e Douce Vendredi<\/option><option class=\"level-0\" value=\"4\">#307c26 - Randonn\u00e9e<\/option><option class=\"level-1\" value=\"11\">&nbsp;&nbsp;&nbsp;#eeee22 - Randonn\u00e9e Journ\u00e9e<\/option><option class=\"level-1\" value=\"18\">&nbsp;&nbsp;&nbsp;#a8d144 - Marche Estivale<\/option><option class=\"level-1\" value=\"31\">&nbsp;&nbsp;&nbsp;#59d600 - Randonn\u00e9e Dimanche<\/option><option class=\"level-1\" value=\"32\">&nbsp;&nbsp;&nbsp;#59d600 - Randonn\u00e9e Mardi<\/option><option class=\"level-1\" value=\"33\">&nbsp;&nbsp;&nbsp;#59d600 - Randonn\u00e9e Samedi<\/option><option class=\"level-0\" value=\"6\">#8224e3 - S\u00e9jour<\/option><option class=\"level-0\" value=\"21\">#dd4646 - Marche Nordique Mod\u00e9r\u00e9e Mercredi<\/option><option class=\"level-0\" value=\"60\">#dd8500 - Autres Randos<\/option><option class=\"level-1\" value=\"17\">&nbsp;&nbsp;&nbsp;#dd8500 - Beaujorando<\/option><option class=\"level-1\" value=\"20\">&nbsp;&nbsp;&nbsp;#dd8500 - Marche de rentr\u00e9e et r\u00e9union d&#8217;informations<\/option><option class=\"level-1\" value=\"28\">&nbsp;&nbsp;&nbsp;#dd8500 - Marche de Printemps<\/option><option class=\"level-1\" value=\"51\">&nbsp;&nbsp;&nbsp;#dd8500 - Assembl\u00e9e g\u00e9n\u00e9rale et Galette<\/option><option class=\"level-0\" value=\"61\">#0099f2 - Formations<\/option><option class=\"level-1\" value=\"22\">&nbsp;&nbsp;&nbsp;#0099f2 - Initiation GPS-GPX<\/option><option class=\"level-0\" value=\"63\">#b383e2 - Vacances<\/option><option class=\"level-1\" value=\"64\">&nbsp;&nbsp;&nbsp;#b383e2 - Vacances Hiver Zone C<\/option><\/select>\n\t\t<\/div>\r\n\t\t<script type=\"text\/javascript\">\r\n\t\t\tWPFC.data = {\r\n\t\t\t\taction : 'WP_FullCalendar',\r\n\t\t\t\t'type' : 'event','event-categories' : 'marche-nordique,autres-randos,formations,marche-nordique-moderee,vacances','month' : 4,'year' : 2026,\t\t\t };\r\n\t\t\tWPFC.month = 4;\r\n\t\t\tWPFC.year = 2026;\r\n\t\t<\/script>\r\n\t\t\n\n\n\n<p><\/p>\n","protected":false},"excerpt":{"rendered":"","protected":false},"author":414,"featured_media":0,"parent":0,"menu_order":0,"comment_status":"closed","ping_status":"closed","template":"template-fullwidth.php","meta":{"footnotes":""},"class_list":["post-7252","page","type-page","status-publish","hentry","no-post-thumbnail"],"_links":{"self":[{"href":"https:\/\/crapahu.fr\/index.php?rest_route=\/wp\/v2\/pages\/7252","targetHints":{"allow":["GET"]}}],"collection":[{"href":"https:\/\/crapahu.fr\/index.php?rest_route=\/wp\/v2\/pages"}],"about":[{"href":"https:\/\/crapahu.fr\/index.php?rest_route=\/wp\/v2\/types\/page"}],"author":[{"embeddable":true,"href":"https:\/\/crapahu.fr\/index.php?rest_route=\/wp\/v2\/users\/414"}],"replies":[{"embeddable":true,"href":"https:\/\/crapahu.fr\/index.php?rest_route=%2Fwp%2Fv2%2Fcomments&post=7252"}],"version-history":[{"count":16,"href":"https:\/\/crapahu.fr\/index.php?rest_route=\/wp\/v2\/pages\/7252\/revisions"}],"predecessor-version":[{"id":7806,"href":"https:\/\/crapahu.fr\/index.php?rest_route=\/wp\/v2\/pages\/7252\/revisions\/7806"}],"wp:attachment":[{"href":"https:\/\/crapahu.fr\/index.php?rest_route=%2Fwp%2Fv2%2Fmedia&parent=7252"}],"curies":[{"name":"wp","href":"https:\/\/api.w.org\/{rel}","templated":true}]}}