{"id":6872,"date":"2025-08-24T19:27:06","date_gmt":"2025-08-24T17:27:06","guid":{"rendered":"https:\/\/crapahu.fr\/?page_id=6872"},"modified":"2025-08-24T19:33:13","modified_gmt":"2025-08-24T17:33:13","slug":"inscription","status":"publish","type":"page","link":"https:\/\/crapahu.fr\/?page_id=6872","title":{"rendered":"Inscription nouvel adh\u00e9rent"},"content":{"rendered":"\n<div class=\"wpcf7 no-js\" id=\"wpcf7-f6871-o1\" lang=\"fr-FR\" dir=\"ltr\" data-wpcf7-id=\"6871\">\n<div class=\"screen-reader-response\"><p role=\"status\" aria-live=\"polite\" aria-atomic=\"true\"><\/p> <ul><\/ul><\/div>\n<form action=\"\/index.php?rest_route=%2Fwp%2Fv2%2Fpages%2F6872#wpcf7-f6871-o1\" method=\"post\" class=\"wpcf7-form init\" aria-label=\"Formulaire de contact\" enctype=\"multipart\/form-data\" novalidate=\"novalidate\" data-status=\"init\">\n<fieldset class=\"hidden-fields-container\"><input type=\"hidden\" name=\"_wpcf7\" value=\"6871\" \/><input type=\"hidden\" name=\"_wpcf7_version\" value=\"6.1.5\" \/><input type=\"hidden\" name=\"_wpcf7_locale\" value=\"fr_FR\" \/><input type=\"hidden\" name=\"_wpcf7_unit_tag\" value=\"wpcf7-f6871-o1\" \/><input type=\"hidden\" name=\"_wpcf7_container_post\" value=\"0\" \/><input type=\"hidden\" name=\"_wpcf7_posted_data_hash\" value=\"\" \/>\n<\/fieldset>\n<p><span class=\"wpcf7-form-control-wrap\" data-name=\"radio-977\"><span class=\"wpcf7-form-control wpcf7-radio\"><span class=\"wpcf7-list-item first\"><label><input type=\"radio\" name=\"radio-977\" value=\"Mr\" \/><span class=\"wpcf7-list-item-label\">Mr<\/span><\/label><\/span><span class=\"wpcf7-list-item last\"><label><input type=\"radio\" name=\"radio-977\" value=\"Mme\" \/><span class=\"wpcf7-list-item-label\">Mme<\/span><\/label><\/span><\/span><\/span>\n<\/p>\n<p><label> Votre nom<br \/>\n<span class=\"wpcf7-form-control-wrap\" data-name=\"your-name\"><input size=\"40\" maxlength=\"400\" class=\"wpcf7-form-control wpcf7-text wpcf7-validates-as-required\" aria-required=\"true\" aria-invalid=\"false\" value=\"\" type=\"text\" name=\"your-name\" \/><\/span> <\/label>\n<\/p>\n<p><label> Votre pr\u00e9nom<br \/>\n<span class=\"wpcf7-form-control-wrap\" data-name=\"text-135\"><input size=\"40\" maxlength=\"400\" class=\"wpcf7-form-control wpcf7-text wpcf7-validates-as-required\" aria-required=\"true\" aria-invalid=\"false\" value=\"\" type=\"text\" name=\"text-135\" \/><\/span> <\/label>\n<\/p>\n<p><label> Votre adresse de messagerie<br \/>\n<span class=\"wpcf7-form-control-wrap\" data-name=\"your-email\"><input size=\"40\" maxlength=\"400\" class=\"wpcf7-form-control wpcf7-email wpcf7-validates-as-required wpcf7-text wpcf7-validates-as-email\" aria-required=\"true\" aria-invalid=\"false\" value=\"\" type=\"email\" name=\"your-email\" \/><\/span> <\/label>\n<\/p>\n<p><label> Votre date de naissance (jj\/mj\/aaaa)<br \/>\n<span class=\"wpcf7-form-control-wrap\" data-name=\"date-184\"><input class=\"wpcf7-form-control wpcf7-date wpcf7-validates-as-required wpcf7-validates-as-date\" aria-required=\"true\" aria-invalid=\"false\" value=\"\" type=\"date\" name=\"date-184\" \/><\/span> <\/label>\n<\/p>\n<p><label> Votre adresse<br \/>\n<span class=\"wpcf7-form-control-wrap\" data-name=\"text-890\"><input size=\"40\" maxlength=\"400\" class=\"wpcf7-form-control wpcf7-text wpcf7-validates-as-required\" aria-required=\"true\" aria-invalid=\"false\" value=\"\" type=\"text\" name=\"text-890\" \/><\/span> <\/label>\n<\/p>\n<p><label> Votre code postal<br \/>\n<span class=\"wpcf7-form-control-wrap\" data-name=\"number-388\"><input class=\"wpcf7-form-control wpcf7-number wpcf7-validates-as-required wpcf7-validates-as-number\" min=\"5\" aria-required=\"true\" aria-invalid=\"false\" value=\"\" type=\"number\" name=\"number-388\" \/><\/span> <\/label>\n<\/p>\n<p><label> Votre ville<br \/>\n<span class=\"wpcf7-form-control-wrap\" data-name=\"text-221\"><input size=\"40\" maxlength=\"400\" class=\"wpcf7-form-control wpcf7-text wpcf7-validates-as-required\" aria-required=\"true\" aria-invalid=\"false\" value=\"\" type=\"text\" name=\"text-221\" \/><\/span> <\/label>\n<\/p>\n<p><label> Votre t\u00e9l\u00e9phone fixe<br \/>\n<span class=\"wpcf7-form-control-wrap\" data-name=\"tel-312\"><input size=\"40\" maxlength=\"10\" minlength=\"10\" class=\"wpcf7-form-control wpcf7-tel wpcf7-text wpcf7-validates-as-tel\" aria-invalid=\"false\" value=\"\" type=\"tel\" name=\"tel-312\" \/><\/span> <\/label>\n<\/p>\n<p><label> Votre t\u00e9l\u00e9phone mobile<br \/>\n<span class=\"wpcf7-form-control-wrap\" data-name=\"tel-313\"><input size=\"40\" maxlength=\"10\" minlength=\"10\" class=\"wpcf7-form-control wpcf7-tel wpcf7-validates-as-required wpcf7-text wpcf7-validates-as-tel\" aria-required=\"true\" aria-invalid=\"false\" value=\"\" type=\"tel\" name=\"tel-313\" \/><\/span> <\/label>\n<\/p>\n<p><label> M\u00e9dical <\/label><br \/>\nQuestionnaire de sant\u00e9 : <a href=\"https:\/\/\/\/crapahu.fr\/?page_id=6835\"> Cliquez ici pour plus d'informations<\/a><br \/>\n<label> <\/label>\n<\/p>\n<p><span class=\"wpcf7-form-control-wrap\" data-name=\"radio-723\"><span class=\"wpcf7-form-control wpcf7-radio\"><span class=\"wpcf7-list-item first\"><label><input type=\"radio\" name=\"radio-723\" value=\"Premi\u00e8re inscription : Certificat M\u00e9dical obligatoire datant de moins de six mois\" \/><span class=\"wpcf7-list-item-label\">Premi\u00e8re inscription : Certificat M\u00e9dical obligatoire datant de moins de six mois<\/span><\/label><\/span><span class=\"wpcf7-list-item last\"><label><input type=\"radio\" name=\"radio-723\" value=\"Inscription apr\u00e8s interruption de plus deux ans : Certificat M\u00e9dical obligatoire datant de moins de six mois\" \/><span class=\"wpcf7-list-item-label\">Inscription apr\u00e8s interruption de plus deux ans : Certificat M\u00e9dical obligatoire datant de moins de six mois<\/span><\/label><\/span><\/span><\/span>\n<\/p>\n<p><label> Renouvellement annuel de la licence <\/label><br \/>\nLes 10 R\u00e8gles d'Or : <a href=\"https:\/\/\/\/crapahu.fr\/?page_id=6841\"> Cliquez ici pour plus d'informations<\/a><br \/>\nAttestation pour participer aux activit\u00e9s de la FFRandonn\u00e9e : <a href=\"https:\/\/\/\/crapahu.fr\/?page_id=6838\"> Cliquez ici pour plus d'informations<\/a>\n<\/p>\n<p><label> <\/label>\n<\/p>\n<p><span class=\"wpcf7-form-control-wrap\" data-name=\"acceptance-82\"><span class=\"wpcf7-form-control wpcf7-acceptance\"><span class=\"wpcf7-list-item\"><input type=\"checkbox\" name=\"acceptance-82\" value=\"1\" aria-invalid=\"false\" \/><\/span><\/span><\/span> J'atteste sur l\u2019honneur avoir lu et compris les conseils de sant\u00e9 et pris, ou avoir pris les dispositions n\u00e9cessaires pour participer aux activit\u00e9s de la FFRandonn\u00e9e (AUCUN DOCUMENT A RENVOYER)\n<\/p>\n<p><label> Certificat d'Absence de Contre-Indication : Joindre votre certificat m\u00e9dical <\/label><br \/>\nCACI : <a href=\"https:\/\/\/\/crapahu.fr\/?page_id=6829\"> Cliquez ici pour plus d'informations<\/a><br \/>\n<span class=\"wpcf7-form-control-wrap\" data-name=\"file-205\"><input size=\"40\" class=\"wpcf7-form-control wpcf7-file\" accept=\".jpg,.pdf\" aria-invalid=\"false\" type=\"file\" name=\"file-205\" \/><\/span>\n<\/p>\n<p><label> J'autorise CRAPAHU \u00e0 utiliser mon image dans le cadre de ses activit\u00e9s <\/label><br \/>\n<span class=\"wpcf7-form-control-wrap\" data-name=\"radio-737\"><span class=\"wpcf7-form-control wpcf7-radio\"><span class=\"wpcf7-list-item first\"><label><input type=\"radio\" name=\"radio-737\" value=\"Oui\" checked=\"checked\" \/><span class=\"wpcf7-list-item-label\">Oui<\/span><\/label><\/span><span class=\"wpcf7-list-item last\"><label><input type=\"radio\" name=\"radio-737\" value=\"Non\" \/><span class=\"wpcf7-list-item-label\">Non<\/span><\/label><\/span><\/span><\/span>\n<\/p>\n<p><label> Abonnement Passion Rando 10\u20ac : <\/label><br \/>\n<span class=\"wpcf7-form-control-wrap\" data-name=\"radio-94\"><span class=\"wpcf7-form-control wpcf7-radio\"><span class=\"wpcf7-list-item first\"><label><input type=\"radio\" name=\"radio-94\" value=\"Non\" checked=\"checked\" \/><span class=\"wpcf7-list-item-label\">Non<\/span><\/label><\/span><span class=\"wpcf7-list-item last\"><label><input type=\"radio\" name=\"radio-94\" value=\"Oui\" \/><span class=\"wpcf7-list-item-label\">Oui<\/span><\/label><\/span><\/span><\/span>\n<\/p>\n<p><label> R\u00e8glement : 42\u20ac85 (Cotisation CRAPAHU (12\u20ac)+ Licence individuelle FFRP (30,85\u20ac)) <\/label><br \/>\n<span class=\"wpcf7-form-control-wrap\" data-name=\"radio-739\"><span class=\"wpcf7-form-control wpcf7-radio\"><span class=\"wpcf7-list-item first\"><label><input type=\"radio\" name=\"radio-739\" value=\"Virement\" checked=\"checked\" \/><span class=\"wpcf7-list-item-label\">Virement<\/span><\/label><\/span><span class=\"wpcf7-list-item\"><label><input type=\"radio\" name=\"radio-739\" value=\"Ch\u00e8que\" \/><span class=\"wpcf7-list-item-label\">Ch\u00e8que<\/span><\/label><\/span><span class=\"wpcf7-list-item last\"><label><input type=\"radio\" name=\"radio-739\" value=\"Esp\u00e8ces\" \/><span class=\"wpcf7-list-item-label\">Esp\u00e8ces<\/span><\/label><\/span><\/span><\/span><br \/>\nRIB Crapahu : <a href=https:\/\/crapahu.fr\/wp-content\/uploads\/2025\/08\/RIB-Crapahu-1.pdf> Cliquez ici pour voir le RIB<\/a>\n<\/p>\n<p><label> Activit\u00e9(s) envisag\u00e9e(s) <\/label><br \/>\n<span class=\"wpcf7-form-control-wrap\" data-name=\"checkbox-427\"><span class=\"wpcf7-form-control wpcf7-checkbox wpcf7-validates-as-required\"><span class=\"wpcf7-list-item first\"><label><input type=\"checkbox\" name=\"checkbox-427[]\" value=\"Randonn\u00e9e\" \/><span class=\"wpcf7-list-item-label\">Randonn\u00e9e<\/span><\/label><\/span><span class=\"wpcf7-list-item\"><label><input type=\"checkbox\" name=\"checkbox-427[]\" value=\"Rando Douce\" \/><span class=\"wpcf7-list-item-label\">Rando Douce<\/span><\/label><\/span><span class=\"wpcf7-list-item\"><label><input type=\"checkbox\" name=\"checkbox-427[]\" value=\"Marche Nordique\" \/><span class=\"wpcf7-list-item-label\">Marche Nordique<\/span><\/label><\/span><span class=\"wpcf7-list-item last\"><label><input type=\"checkbox\" name=\"checkbox-427[]\" value=\"Marche Nordique Mod\u00e9r\u00e9e\" \/><span class=\"wpcf7-list-item-label\">Marche Nordique Mod\u00e9r\u00e9e<\/span><\/label><\/span><\/span><\/span>\n<\/p>\n<p><label> Animateur pour : <\/label><br \/>\n<span class=\"wpcf7-form-control-wrap\" data-name=\"checkbox-78\"><span class=\"wpcf7-form-control wpcf7-checkbox\"><span class=\"wpcf7-list-item first\"><label><input type=\"checkbox\" name=\"checkbox-78[]\" value=\"Randonn\u00e9e\" \/><span class=\"wpcf7-list-item-label\">Randonn\u00e9e<\/span><\/label><\/span><span class=\"wpcf7-list-item\"><label><input type=\"checkbox\" name=\"checkbox-78[]\" value=\"Rando Douce\" \/><span class=\"wpcf7-list-item-label\">Rando Douce<\/span><\/label><\/span><span class=\"wpcf7-list-item\"><label><input type=\"checkbox\" name=\"checkbox-78[]\" value=\"Marche Nordique\" \/><span class=\"wpcf7-list-item-label\">Marche Nordique<\/span><\/label><\/span><span class=\"wpcf7-list-item\"><label><input type=\"checkbox\" name=\"checkbox-78[]\" value=\"Marche Nordique Mod\u00e9r\u00e9e\" \/><span class=\"wpcf7-list-item-label\">Marche Nordique Mod\u00e9r\u00e9e<\/span><\/label><\/span><span class=\"wpcf7-list-item last\"><label><input type=\"checkbox\" name=\"checkbox-78[]\" value=\"Randonn\u00e9e Estivale\" \/><span class=\"wpcf7-list-item-label\">Randonn\u00e9e Estivale<\/span><\/label><\/span><\/span><\/span>\n<\/p>\n<p><label> En adh\u00e9rant \u00e0 CRAPAHU je m\u2019engage \u00e0 avoir pris connaissance des conditions de l\u2019inscription, respecter les statuts (consultables sur le site web CRAPAHU http:\/\/www.crapahu.fr ainsi que le r\u00e8glement int\u00e9rieur de l\u2019association <\/label>\n<\/p>\n<p><label> <\/label>\n<\/p>\n<p><label> Toutes ces informations sont correctes ? <\/label>\n<\/p>\n<p><label> <\/label>\n<\/p>\n<p><span class=\"wpcf7-form-control-wrap\" data-name=\"acceptance-873\"><span class=\"wpcf7-form-control wpcf7-acceptance\"><span class=\"wpcf7-list-item\"><input type=\"checkbox\" name=\"acceptance-873\" value=\"1\" aria-invalid=\"false\" \/><\/span><\/span><\/span> Confirmer votre inscription pour la nouvelle saison (un accus\u00e9 de r\u00e9ception vous sera envoy\u00e9)\n<\/p>\n<p><input class=\"wpcf7-form-control wpcf7-submit has-spinner\" type=\"submit\" value=\"Envoyer mon inscription\" \/>\n<\/p><p style=\"display: none !important;\" class=\"akismet-fields-container\" data-prefix=\"_wpcf7_ak_\"><label>&#916;<textarea name=\"_wpcf7_ak_hp_textarea\" cols=\"45\" rows=\"8\" maxlength=\"100\"><\/textarea><\/label><input type=\"hidden\" id=\"ak_js_1\" name=\"_wpcf7_ak_js\" value=\"115\"\/><script>document.getElementById( \"ak_js_1\" ).setAttribute( \"value\", ( new Date() ).getTime() );<\/script><\/p><div class=\"wpcf7-response-output\" aria-hidden=\"true\"><\/div>\n<\/form>\n<\/div>\n\n\n\n\n<p><\/p>\n","protected":false},"excerpt":{"rendered":"","protected":false},"author":414,"featured_media":0,"parent":0,"menu_order":0,"comment_status":"closed","ping_status":"closed","template":"","meta":{"footnotes":""},"class_list":["post-6872","page","type-page","status-publish","hentry","no-post-thumbnail"],"_links":{"self":[{"href":"https:\/\/crapahu.fr\/index.php?rest_route=\/wp\/v2\/pages\/6872","targetHints":{"allow":["GET"]}}],"collection":[{"href":"https:\/\/crapahu.fr\/index.php?rest_route=\/wp\/v2\/pages"}],"about":[{"href":"https:\/\/crapahu.fr\/index.php?rest_route=\/wp\/v2\/types\/page"}],"author":[{"embeddable":true,"href":"https:\/\/crapahu.fr\/index.php?rest_route=\/wp\/v2\/users\/414"}],"replies":[{"embeddable":true,"href":"https:\/\/crapahu.fr\/index.php?rest_route=%2Fwp%2Fv2%2Fcomments&post=6872"}],"version-history":[{"count":3,"href":"https:\/\/crapahu.fr\/index.php?rest_route=\/wp\/v2\/pages\/6872\/revisions"}],"predecessor-version":[{"id":6877,"href":"https:\/\/crapahu.fr\/index.php?rest_route=\/wp\/v2\/pages\/6872\/revisions\/6877"}],"wp:attachment":[{"href":"https:\/\/crapahu.fr\/index.php?rest_route=%2Fwp%2Fv2%2Fmedia&parent=6872"}],"curies":[{"name":"wp","href":"https:\/\/api.w.org\/{rel}","templated":true}]}}