{"id":6862,"date":"2025-08-24T19:26:22","date_gmt":"2025-08-24T17:26:22","guid":{"rendered":"https:\/\/crapahu.fr\/?page_id=6862"},"modified":"2025-08-24T19:26:23","modified_gmt":"2025-08-24T17:26:23","slug":"adhesion-saison-2025-2026","status":"publish","type":"page","link":"https:\/\/crapahu.fr\/?page_id=6862","title":{"rendered":"Adh\u00e9sion saison 2025-2026"},"content":{"rendered":"\n<p>Une nouveaut\u00e9 cette ann\u00e9e, l&#8217;attestation pour participer aux activit\u00e9s de la FFRandonn\u00e9e, DOCUMENT A REMPLIR ET A NOUS FOURNIR<\/p>\n\n\n\n<p>Pour les r\u00e9inscriptions, vous pouvez la faire en ligne, onglet &#8220;Adh\u00e9rent&#8221; &#8211; &#8220;R\u00e9inscription&#8221;<\/p>\n\n\n\n<p>Pour les nouveaux adh\u00e9rents, vous pouvez aussi vous inscrire en ligne, onglet &#8220;Accueil&#8221; &#8211; &#8220;Inscription&#8221;<\/p>\n\n\n\n<p>Sinon, dans les deux cas, nous vous proposons de t\u00e9l\u00e9charger votre bulletin d&#8217;adh\u00e9sion pour la saison 2025-2026 afin de le compl\u00e9ter et soit : <br><br> &#8211; de le d\u00e9poser \u00e0 la mairie accompagn\u00e9s de votre r\u00e8glement par ch\u00e8que, de votre certificat m\u00e9dical de non-contre-indication \u00e0 la pratique sportive si besoin (LE QUESTIONNAIRE DE SANTE N&#8217;EST PAS A FOURNIR) et de l&#8217;attestation de la FFRandonn\u00e9e<br><br> &#8211; d&#8217;envoyer directement \u00e0 l&#8217;adresse mail : &#8220;crapahu.limours@gmail.com&#8221; ce bulletin ainsi que votre certificat m\u00e9dical de non-contre-indication \u00e0 la pratique sportive si besoin (LE QUESTIONNAIRE DE SANTE N&#8217;EST PAS A FOURNIR), de l&#8217;attestation de la FFRandonn\u00e9e et d&#8217;effectuez un virement <br><br> &#8211; de venir vous inscrire au TriAsso de Limours du 06 septembre 2026 de 09h30 \u00e0 15h muni de ce bulletin ainsi que votre certificat m\u00e9dical de non-contre-indication \u00e0 la pratique sportive si besoin (LE QUESTIONNAIRE DE SANTE N&#8217;EST PAS A FOURNIR), de l&#8217;attestation de la FFRandonn\u00e9eet et de votre r\u00e8glement par ch\u00e8que<\/p>\n\n\n\n<figure class=\"wp-block-image size-full is-resized\"><img loading=\"lazy\" decoding=\"async\" width=\"757\" height=\"188\" src=\"https:\/\/crapahu.fr\/wp-content\/uploads\/2025\/08\/Ima-Reinscip.jpg\" alt=\"\" class=\"wp-image-6867\" style=\"width:840px;height:auto\" srcset=\"https:\/\/crapahu.fr\/wp-content\/uploads\/2025\/08\/Ima-Reinscip.jpg 757w, https:\/\/crapahu.fr\/wp-content\/uploads\/2025\/08\/Ima-Reinscip-300x75.jpg 300w\" sizes=\"auto, (max-width: 757px) 100vw, 757px\" \/><\/figure>\n\n\n\n<div class=\"wp-block-file\"><a id=\"wp-block-file--media-b5100c2a-d8c6-45d5-a2d4-16c10e050481\" href=\"https:\/\/crapahu.fr\/wp-content\/uploads\/2025\/08\/Bulletin-Adhesion-2025-2026.docx\">Bulletin Adhesion 2025-2026<\/a><a href=\"https:\/\/crapahu.fr\/wp-content\/uploads\/2025\/08\/Bulletin-Adhesion-2025-2026.docx\" class=\"wp-block-file__button wp-element-button\" download aria-describedby=\"wp-block-file--media-b5100c2a-d8c6-45d5-a2d4-16c10e050481\">T\u00e9l\u00e9charger<\/a><\/div>\n\n\n\n<p>A t\u00e9l\u00e9charger, le questionnaire de sant\u00e9 QUI N&#8217;EST PAS A FOURNIR<\/p>\n\n\n\n<div data-wp-interactive=\"core\/file\" class=\"wp-block-file\"><object data-wp-bind--hidden=\"!state.hasPdfPreview\" hidden class=\"wp-block-file__embed\" data=\"https:\/\/crapahu.fr\/wp-content\/uploads\/2025\/07\/Questionnaire-sante.pdf\" type=\"application\/pdf\" style=\"width:100%;height:600px\" aria-label=\"Contenu embarqu\u00e9 Questionnaire-sante.\"><\/object><a id=\"wp-block-file--media-d3edc8f9-38d9-4aa4-87cf-d5f02d307f2e\" href=\"https:\/\/crapahu.fr\/wp-content\/uploads\/2025\/07\/Questionnaire-sante.pdf\">Questionnaire-sante<\/a><a href=\"https:\/\/crapahu.fr\/wp-content\/uploads\/2025\/07\/Questionnaire-sante.pdf\" class=\"wp-block-file__button wp-element-button\" download aria-describedby=\"wp-block-file--media-d3edc8f9-38d9-4aa4-87cf-d5f02d307f2e\">T\u00e9l\u00e9charger<\/a><\/div>\n\n\n\n<p>Certificat d&#8217;Absence de Contre-Indication (CACI) aux activit\u00e9s de marche et de randonn\u00e9e 2025\/2026<\/p>\n\n\n\n<div data-wp-interactive=\"core\/file\" class=\"wp-block-file\"><object data-wp-bind--hidden=\"!state.hasPdfPreview\" hidden class=\"wp-block-file__embed\" data=\"https:\/\/crapahu.fr\/wp-content\/uploads\/2025\/07\/CACI-2025-2026.pdf\" type=\"application\/pdf\" style=\"width:100%;height:600px\" aria-label=\"Contenu embarqu\u00e9 CACI-2025-2026.\"><\/object><a id=\"wp-block-file--media-5c696103-47d9-46aa-b056-d69c58440025\" href=\"https:\/\/crapahu.fr\/wp-content\/uploads\/2025\/07\/CACI-2025-2026.pdf\">CACI-2025-2026<\/a><a href=\"https:\/\/crapahu.fr\/wp-content\/uploads\/2025\/07\/CACI-2025-2026.pdf\" class=\"wp-block-file__button wp-element-button\" download aria-describedby=\"wp-block-file--media-5c696103-47d9-46aa-b056-d69c58440025\">T\u00e9l\u00e9charger<\/a><\/div>\n\n\n\n<p>C\u0153ur et activit\u00e9 sportive : les 10 r\u00e8gles d&#8217;or<\/p>\n\n\n\n<div data-wp-interactive=\"core\/file\" class=\"wp-block-file\"><object data-wp-bind--hidden=\"!state.hasPdfPreview\" hidden class=\"wp-block-file__embed\" data=\"https:\/\/crapahu.fr\/wp-content\/uploads\/2025\/07\/Regles-dor.pdf\" type=\"application\/pdf\" style=\"width:100%;height:600px\" aria-label=\"Contenu embarqu\u00e9 R\u00e8gles dor.\"><\/object><a id=\"wp-block-file--media-49f80ae1-23ea-4525-b098-2799a71a8e09\" href=\"https:\/\/crapahu.fr\/wp-content\/uploads\/2025\/07\/Regles-dor.pdf\">R\u00e8gles dor<\/a><a href=\"https:\/\/crapahu.fr\/wp-content\/uploads\/2025\/07\/Regles-dor.pdf\" class=\"wp-block-file__button wp-element-button\" download aria-describedby=\"wp-block-file--media-49f80ae1-23ea-4525-b098-2799a71a8e09\">T\u00e9l\u00e9charger<\/a><\/div>\n\n\n\n<p>Attestation pour participer aux activit\u00e9s de la FFRandonn\u00e9e (A REMPLIR ET A NOUS FOURNIR)<\/p>\n\n\n\n<div data-wp-interactive=\"core\/file\" class=\"wp-block-file\"><object data-wp-bind--hidden=\"!state.hasPdfPreview\" hidden class=\"wp-block-file__embed\" data=\"https:\/\/crapahu.fr\/wp-content\/uploads\/2025\/07\/Attestation-FFR.pdf\" type=\"application\/pdf\" style=\"width:100%;height:600px\" aria-label=\"Contenu embarqu\u00e9 Attestation FFR.\"><\/object><a id=\"wp-block-file--media-7ff26a83-c130-42eb-9ff7-e3baf4f0c93d\" href=\"https:\/\/crapahu.fr\/wp-content\/uploads\/2025\/07\/Attestation-FFR.pdf\">Attestation FFR<\/a><a href=\"https:\/\/crapahu.fr\/wp-content\/uploads\/2025\/07\/Attestation-FFR.pdf\" class=\"wp-block-file__button wp-element-button\" download aria-describedby=\"wp-block-file--media-7ff26a83-c130-42eb-9ff7-e3baf4f0c93d\">T\u00e9l\u00e9charger<\/a><\/div>\n","protected":false},"excerpt":{"rendered":"<p>Une nouveaut\u00e9 cette ann\u00e9e, l&#8217;attestation pour participer aux activit\u00e9s de la FFRandonn\u00e9e, DOCUMENT A REMPLIR ET A NOUS FOURNIR Pour les r\u00e9inscriptions, vous pouvez la faire en ligne, onglet &#8220;Adh\u00e9rent&#8221;&hellip;<\/p>\n","protected":false},"author":414,"featured_media":0,"parent":0,"menu_order":0,"comment_status":"closed","ping_status":"closed","template":"","meta":{"footnotes":""},"class_list":["post-6862","page","type-page","status-publish","hentry","no-post-thumbnail"],"_links":{"self":[{"href":"https:\/\/crapahu.fr\/index.php?rest_route=\/wp\/v2\/pages\/6862","targetHints":{"allow":["GET"]}}],"collection":[{"href":"https:\/\/crapahu.fr\/index.php?rest_route=\/wp\/v2\/pages"}],"about":[{"href":"https:\/\/crapahu.fr\/index.php?rest_route=\/wp\/v2\/types\/page"}],"author":[{"embeddable":true,"href":"https:\/\/crapahu.fr\/index.php?rest_route=\/wp\/v2\/users\/414"}],"replies":[{"embeddable":true,"href":"https:\/\/crapahu.fr\/index.php?rest_route=%2Fwp%2Fv2%2Fcomments&post=6862"}],"version-history":[{"count":6,"href":"https:\/\/crapahu.fr\/index.php?rest_route=\/wp\/v2\/pages\/6862\/revisions"}],"predecessor-version":[{"id":6870,"href":"https:\/\/crapahu.fr\/index.php?rest_route=\/wp\/v2\/pages\/6862\/revisions\/6870"}],"wp:attachment":[{"href":"https:\/\/crapahu.fr\/index.php?rest_route=%2Fwp%2Fv2%2Fmedia&parent=6862"}],"curies":[{"name":"wp","href":"https:\/\/api.w.org\/{rel}","templated":true}]}}