{"id":2078,"date":"2018-05-15T15:00:33","date_gmt":"2018-05-15T13:00:33","guid":{"rendered":"http:\/\/crapahu.fr\/?page_id=2078"},"modified":"2018-05-18T08:13:09","modified_gmt":"2018-05-18T06:13:09","slug":"statuts-de-lassociation","status":"publish","type":"page","link":"https:\/\/crapahu.fr\/?page_id=2078","title":{"rendered":"Statuts de l&#8217;Association"},"content":{"rendered":"<p><strong>I \u2013 L\u2019Association<\/strong><\/p>\n<p>&nbsp;<\/p>\n<p><strong>Article 1\u00a0: D\u00e9nomination, objet et dur\u00e9e<\/strong><\/p>\n<p>&nbsp;<\/p>\n<p>L\u2019association <strong>Club de RAndonn\u00e9e du PAys du HUrepoix<\/strong> (<strong>CRAPAHU<\/strong>), fond\u00e9e le 29 avril 2007, a pour objet la pratique et le d\u00e9veloppement de la randonn\u00e9e p\u00e9destre, tant pour sa pratique sportive que pour la d\u00e9couverte et la sauvegarde de l\u2019environnement, le tourisme et les loisirs.<\/p>\n<p>&nbsp;<\/p>\n<p>Sa dur\u00e9e est illimit\u00e9e.<\/p>\n<p>&nbsp;<\/p>\n<p><strong>Article 2\u00a0: Si\u00e8ge social<\/strong><\/p>\n<p>&nbsp;<\/p>\n<p>L\u2019association a son si\u00e8ge \u00e0 la Mairie de Limours (Place du G\u00e9n\u00e9ral de Gaulle 91470 LIMOURS).<\/p>\n<p>Son si\u00e8ge peut \u00eatre transf\u00e9r\u00e9 sur simple d\u00e9cision du bureau.<\/p>\n<p>&nbsp;<\/p>\n<p><strong>Article 3\u00a0: Affiliation et d\u00e9ontologie<\/strong><\/p>\n<p>&nbsp;<\/p>\n<p>L\u2019association est affili\u00e9e \u00e0 la F\u00e9d\u00e9ration fran\u00e7aise de la randonn\u00e9e p\u00e9destre (ci-apr\u00e8s la F\u00e9d\u00e9ration).<\/p>\n<p>Elle s\u2019engage \u00e0 se conformer aux statuts et aux r\u00e8glements de la F\u00e9d\u00e9ration, ainsi qu\u2019\u00e0 ceux de son Comit\u00e9 r\u00e9gional et de son Comit\u00e9 d\u00e9partemental.<\/p>\n<p>&nbsp;<\/p>\n<p>Elle s\u2019engage \u00e9galement \u00e0 respecter la charte de d\u00e9ontologie du sport d\u00e9finie par le Comit\u00e9 National Olympique et Sportif Fran\u00e7ais.<\/p>\n<p>&nbsp;<\/p>\n<p>Le bureau demande, pour le compte de l\u2019association, son agr\u00e9ment Jeunesse et Sport aupr\u00e8s du minist\u00e8re charg\u00e9 des sports.<\/p>\n<p>&nbsp;<\/p>\n<p>L\u2019association s\u2019interdit toute discrimination dans l\u2019organisation et la vie de l\u2019association.<\/p>\n<p>&nbsp;<\/p>\n<p>Tous les membres de l\u2019association agissent \u00e0 titre b\u00e9n\u00e9vole.<\/p>\n<p>&nbsp;<\/p>\n<p><strong>II \u2013 Les membres<\/strong><\/p>\n<p>&nbsp;<\/p>\n<p><strong>Article 4\u00a0: Composition et adh\u00e9sion<\/strong><\/p>\n<p>&nbsp;<\/p>\n<p>L\u2019association se compose des\u00a0:<\/p>\n<ul>\n<li><u>membres adh\u00e9rents<\/u>, personnes physiques \u00e0 jour de leurs cotisations et participant aux activit\u00e9s\u00a0;<\/li>\n<li><u>membres bienfaiteurs<\/u>, personnes physiques ou morales qui s\u2019acquittent d\u2019une cotisation particuli\u00e8re ou verse un don\u00a0;<\/li>\n<li><u>membres d\u2019honneur<\/u>, titre d\u00e9cern\u00e9 par le bureau aux personnes qui rendent ou ont rendu des services constat\u00e9s par l\u2019association. Ce titre conf\u00e8re aux personnes qui l\u2019ont obtenu le droit de faire partie de l\u2019association sans \u00eatre tenue de payer la cotisation ou un droit d\u2019entr\u00e9e. Les membres d\u2019honneur et les membres bienfaiteurs peuvent assister \u00e0 l\u2019assembl\u00e9e g\u00e9n\u00e9rale mais n\u2019ont pas de voix d\u00e9lib\u00e9ratives.<\/li>\n<\/ul>\n<p>&nbsp;<\/p>\n<p><strong>Article 5\u00a0: Adh\u00e9sion et cotisation<\/strong><\/p>\n<p>Pour \u00eatre membre, il faut \u00eatre avoir pay\u00e9 la cotisation annuelle. Le montant de la cotisation est fix\u00e9 chaque ann\u00e9e par l\u2019assembl\u00e9e g\u00e9n\u00e9rale. Chaque membre doit \u00eatre titulaire d\u2019une licence de l\u2019ann\u00e9e sportive en cours de la F\u00e9d\u00e9ration. Chaque membre s\u2019engage \u00e0 respecter les statuts et le r\u00e8glement int\u00e9rieur de l\u2019association.<\/p>\n<p>&nbsp;<\/p>\n<p><strong>Article 6\u00a0: Radiation<\/strong><\/p>\n<p>La qualit\u00e9 de membre se perd\u00a0:<\/p>\n<ul>\n<li>\u00a0par d\u00e9mission par lettre simple adress\u00e9e au Pr\u00e9sident de l\u2019association\u00a0;<\/li>\n<li>par d\u00e9c\u00e8s\u00a0;<\/li>\n<li>pour non paiement de la cotisation\u00a0;<\/li>\n<li>par exclusion prononc\u00e9e par le bureau pour motif grave, notamment par un comportement portant pr\u00e9judice mat\u00e9riel ou moral \u00e0 l\u2019association, une infraction aux statuts ou au r\u00e8glement int\u00e9rieur.<\/li>\n<\/ul>\n<p>&nbsp;<\/p>\n<p><strong>III \u2013 L\u2019assembl\u00e9e g\u00e9n\u00e9rale<\/strong><\/p>\n<p>&nbsp;<\/p>\n<p><strong>Article 7\u00a0: Composition, convocation et ordre du jour<\/strong><\/p>\n<p>&nbsp;<\/p>\n<p>L\u2019assembl\u00e9e g\u00e9n\u00e9rale se compose de tous les membres de l\u2019association vis\u00e9s \u00e0 l\u2019article 4, mais seuls les membres adh\u00e9rents \u00e2g\u00e9s de plus de 18 ans ont le droit de vote.<\/p>\n<p>&nbsp;<\/p>\n<p>L\u2019assembl\u00e9e g\u00e9n\u00e9rale se r\u00e9unit au moins une fois par an, et en outre, chaque fois qu\u2019elle est convoqu\u00e9e par le bureau ou sur demande du quart au moins de ses membres adress\u00e9e au Pr\u00e9sident et au secr\u00e9taire.<\/p>\n<p>&nbsp;<\/p>\n<p>La convocation est envoy\u00e9e au moins quinze jours \u00e0 l\u2019avance par lettre simple, l\u2019ordre du jour est joint.<\/p>\n<p>L\u2019ordre du jour est fix\u00e9 par le bureau.<\/p>\n<p>Lorsque l\u2019assembl\u00e9e g\u00e9n\u00e9rale se r\u00e9unit \u00e0 la demande de ses membres, ceux-ci fixent eux-m\u00eames l\u2019ordre du jour.<\/p>\n<p>&nbsp;<\/p>\n<p><strong>Article 8\u00a0: Fonctionnement<\/strong><\/p>\n<p>&nbsp;<\/p>\n<p>L\u2019assembl\u00e9e g\u00e9n\u00e9rale entend le rapport du bureau sur sa gestion et sur la situation morale et financi\u00e8re de l\u2019association,\u00a0approuve ou redresse les comptes de l\u2019exercice clos, vote le budget de l\u2019exercice suivant, d\u00e9lib\u00e8re sur les questions mises \u00e0 l\u2019ordre du jour.<\/p>\n<p>&nbsp;<\/p>\n<p>L\u2019assembl\u00e9e g\u00e9n\u00e9rale se prononce sur les modifications des statuts.<\/p>\n<p>&nbsp;<\/p>\n<p>Ne sont trait\u00e9es et ne seront valables que les r\u00e9solutions prises sur les points inscrits \u00e0 l\u2019ordre du jour.<\/p>\n<p>Il est proc\u00e9d\u00e9 apr\u00e8s \u00e9puisement de l\u2019ordre du jour au renouvellement des membres du bureau, conform\u00e9ment \u00e0 la proc\u00e9dure d\u00e9crite \u00e0 l\u2019article 9.<\/p>\n<p>&nbsp;<\/p>\n<p>Le vote par procuration est admis dans la limite d\u2019un pouvoir par membre pr\u00e9sent.<\/p>\n<p>&nbsp;<\/p>\n<p>Les d\u00e9lib\u00e9rations sont prises, \u00e0 main lev\u00e9e, \u00e0 la majorit\u00e9 des voix des membres pr\u00e9sents et \u00e9ventuellement repr\u00e9sent\u00e9s. Elle ne peut valablement d\u00e9lib\u00e9rer qu\u2019autant que l\u2019ensemble des membres pr\u00e9sents ou repr\u00e9sent\u00e9s atteint le quart des membres adh\u00e9rents. Si ce quorum n\u2019est pas atteint, est convoqu\u00e9e une seconde assembl\u00e9e g\u00e9n\u00e9rale, \u00e0 quinze jours au moins d\u2019intervalle, avec le m\u00eame ordre du jour, et qui d\u00e9lib\u00e8re quel que soit le nombre de membres pr\u00e9sents.<\/p>\n<p>&nbsp;<\/p>\n<p>Il est tenu un proc\u00e8s-verbal de l\u2019assembl\u00e9e g\u00e9n\u00e9rale sign\u00e9 par le Pr\u00e9sident et le Secr\u00e9taire et consign\u00e9 dans un registre pr\u00e9vu \u00e0 cet effet.<\/p>\n<p>&nbsp;<\/p>\n<p><strong>IV\u00a0\u2013 Le BUREAU<\/strong><\/p>\n<p>&nbsp;<\/p>\n<p><strong>Article 9\u00a0: Composition<\/strong><\/p>\n<p>&nbsp;<\/p>\n<p>L\u2019association est dirig\u00e9e par un bureau compos\u00e9 au minimum de 5 membres, l\u2019assembl\u00e9e g\u00e9n\u00e9rale peut d\u00e9cider d\u2019augmenter ce nombre, selon les modalit\u00e9s d\u00e9finies dans le r\u00e8glement int\u00e9rieur, sans d\u00e9passer un maximum de 12. Les membres du bureau sont \u00e9lus au scrutin secret, pour une dur\u00e9e de trois ans, par l\u2019assembl\u00e9e g\u00e9n\u00e9rale. Ses membres peuvent \u00eatre r\u00e9\u00e9ligibles.<\/p>\n<p>Les \u00e9lecteurs sont les membres titulaires du droit de vote au sens de l\u2019article 7 des pr\u00e9sents statuts.<\/p>\n<p>&nbsp;<\/p>\n<p>Est \u00e9ligible toute personne physique, \u00e2g\u00e9e de dix-huit ans au moins, membre de l\u2019association \u00e0 jour de ses cotisations et titulaire d\u2019une licence en cours de validit\u00e9 de la F\u00e9d\u00e9ration, jouissant de ses droits civils et politiques.<\/p>\n<p>&nbsp;<\/p>\n<p>En cas de vacance, le bureau pourvoit provisoirement au remplacement de ses membres. Il est proc\u00e9d\u00e9 \u00e0 leur remplacement d\u00e9finitif lors de la plus proche assembl\u00e9e g\u00e9n\u00e9rale. Les pouvoirs des membres ainsi \u00e9lus prennent fin \u00e0 la date o\u00f9 devait expirer le mandat des membres remplac\u00e9s.<\/p>\n<p>&nbsp;<\/p>\n<p>Le bureau peut inviter des \u201cconseillers\u201d \u00e0 si\u00e9ger avec voix consultative qui ont des qualit\u00e9s ou des comp\u00e9tences particuli\u00e8rement int\u00e9ressantes. Ils sont tenus \u00e0 une obligation de discr\u00e9tion.<\/p>\n<p>&nbsp;<\/p>\n<p><strong>Article 10\u00a0: Fonctionnement et comp\u00e9tences<\/strong><\/p>\n<p>&nbsp;<\/p>\n<p>Le bureau se r\u00e9unit au moins deux fois par an et chaque fois qu\u2019il est convoqu\u00e9 par son Pr\u00e9sident ou \u00e0 la demande d\u2019un quart de ses membres adress\u00e9e au Pr\u00e9sident ou au secr\u00e9taire.<\/p>\n<p>&nbsp;<\/p>\n<p>Le bureau est investi des pouvoirs les plus \u00e9tendus pour agir au nom de l\u2019association et faire ou autoriser tous actes et op\u00e9rations permis \u00e0 l\u2019association, sous r\u00e9serve des pouvoirs express\u00e9ment et statutairement r\u00e9serv\u00e9s \u00e0 l\u2019assembl\u00e9e g\u00e9n\u00e9rale.<\/p>\n<p>Il \u00e9tablit et modifie le r\u00e8glement int\u00e9rieur de l\u2019association.<\/p>\n<p>La pr\u00e9sence d\u2019au moins un tiers de ses membres est n\u00e9cessaire pour la validit\u00e9 des d\u00e9cisions.<\/p>\n<p>Les d\u00e9cisions sont prises \u00e0 la majorit\u00e9 absolue des membres pr\u00e9sents. En cas de partage, la voix du Pr\u00e9sident est pr\u00e9pond\u00e9rante.<\/p>\n<p>Le vote est \u00e0 main lev\u00e9e, sauf circonstances particuli\u00e8res o\u00f9 le vote au scrutin secret parait n\u00e9cessaire.<\/p>\n<p>&nbsp;<\/p>\n<p>Tout membre du bureau qui manque, sans excuse pertinente, trois r\u00e9unions cons\u00e9cutives, pourra \u00eatre consid\u00e9r\u00e9 comme d\u00e9missionnaire.<\/p>\n<p>&nbsp;<\/p>\n<p>Il est tenu un proc\u00e8s-verbal des r\u00e9unions sign\u00e9 par le Pr\u00e9sident et le Secr\u00e9taire. Ils sont consign\u00e9s dans un cahier r\u00e9serv\u00e9 \u00e0 cet effet conserv\u00e9 au si\u00e8ge de l\u2019association.<\/p>\n<p>&nbsp;<\/p>\n<p><strong>Article 11\u00a0: Nomination<\/strong><\/p>\n<p>&nbsp;<\/p>\n<p>Le bureau choisit parmi ses membres, au scrutin secret, un pr\u00e9sident, un secr\u00e9taire et un tr\u00e9sorier. Des postes de vice-pr\u00e9sident, secr\u00e9taire adjoint et tr\u00e9sorier adjoint pourront \u00eatre pourvus. Ces fonctions sont attribu\u00e9es pour une dur\u00e9e de trois ans. Les membres sortants sont r\u00e9\u00e9ligibles.<\/p>\n<p>&nbsp;<\/p>\n<p><strong>Article 12\u00a0: Comp\u00e9tences<\/strong><\/p>\n<p><strong>\u00a0<\/strong><\/p>\n<ul>\n<li>Le pr\u00e9sident est charg\u00e9 d\u2019ex\u00e9cuter les d\u00e9cisions du bureau et d\u2019assurer le bon fonctionnement de l\u2019association, qu\u2019il repr\u00e9sente en justice et dans tous les actes de la vie civile.<\/li>\n<li>Le pr\u00e9sident est charg\u00e9 de d\u00e9clarer \u00e0 la Pr\u00e9fecture de l\u2019Essonne les modifications des statuts, de la composition du bureau et autres d\u00e9clarations l\u00e9gales.<\/li>\n<li>Lorsqu\u2019un vice-pr\u00e9sident est nomm\u00e9, il seconde le pr\u00e9sident dans l\u2019exercice de ses fonctions et le remplace en cas d\u2019emp\u00eachement.<\/li>\n<li>Le secr\u00e9taire est charg\u00e9 des convocations et de la r\u00e9daction des proc\u00e8s-verbaux, de la correspondance et de la tenue du registre prescrit par l\u2019article 5 de la loi du 1er juillet 1901.<\/li>\n<li>Lorsqu\u2019un secr\u00e9taire adjoint est nomm\u00e9, il seconde le secr\u00e9taire dans l\u2019exercice de ses fonctions et le remplace en cas d\u2019emp\u00eachement.<\/li>\n<li>Le tr\u00e9sorier tient les comptes de l\u2019association et, sous la surveillance du pr\u00e9sident, il effectue tous paiements et re\u00e7oit toutes sommes\u00a0; il proc\u00e8de, avec l\u2019autorisation du bureau, au retrait, au transfert et \u00e0 l\u2019ali\u00e9nation de tous biens et valeurs.<\/li>\n<li>Lorsqu\u2019un tr\u00e9sorier adjoint est nomm\u00e9, il seconde le tr\u00e9sorier dans l\u2019exercice de ses fonctions et le remplace en cas d\u2019emp\u00eachement.<\/li>\n<\/ul>\n<p><strong>\u00a0<\/strong><\/p>\n<p><strong>V\u00a0\u2013 Les ressources et la gestion<\/strong><\/p>\n<p>&nbsp;<\/p>\n<p><strong>Article 14\u00a0: Ressources<\/strong><\/p>\n<p>&nbsp;<\/p>\n<p>Les ressources de l\u2019association sont constitu\u00e9es par\u00a0:<\/p>\n<ul>\n<li>Les cotisations des membres,<\/li>\n<li>Les subventions accord\u00e9es par l\u2019Etat, les collectivit\u00e9s locales et territoriales et les \u00e9tablissements publics,<\/li>\n<li>Les revenus des biens appartenant \u00e0 l\u2019association, les produits des ventes et r\u00e9tributions pour service rendu, les dons.<\/li>\n<\/ul>\n<p><strong>Article 15\u00a0: Gestion<\/strong><\/p>\n<p>Pour la transparence de la gestion de l\u2019association\u00a0:<\/p>\n<ul>\n<li>Il est tenu une comptabilit\u00e9 conforme \u00e0 la r\u00e9glementation en vigueur, faisant apparaitre annuellement un compte de r\u00e9sultat, le bilan et ses annexes.<\/li>\n<li>Le budget annuel est adopt\u00e9 par le bureau avant le d\u00e9but de l\u2019exercice.<\/li>\n<li>Les comptes sont soumis \u00e0 l\u2019assembl\u00e9e g\u00e9n\u00e9rale dans un d\u00e9lai inf\u00e9rieur \u00e0 six mois \u00e0 compter de la cl\u00f4ture de l\u2019exercice.<\/li>\n<li>Tout contrat ou convention pass\u00e9 entre l\u2019association, d\u2019une part, et un membre du bureau, son conjoint ou un proche, d\u2019autre part, est soumis pour autorisation au bureau et pr\u00e9sent\u00e9 pour information \u00e0 l\u2019assembl\u00e9e g\u00e9n\u00e9rale la plus proche.<\/li>\n<\/ul>\n<p>&nbsp;<\/p>\n<p><strong>VI\u00a0\u2013 Modification des statuts, REGLEMENT INTERIEUR et dissolution<\/strong><\/p>\n<p>&nbsp;<\/p>\n<p><strong>Article 16\u00a0: Modification des statuts<\/strong><\/p>\n<p>&nbsp;<\/p>\n<p>Les statuts peuvent \u00eatre modifi\u00e9s par l\u2019assembl\u00e9e g\u00e9n\u00e9rale sur proposition du bureau ou sur demande du quart au moins de ses membres adress\u00e9e au pr\u00e9sident et au secr\u00e9taire.<\/p>\n<p>&nbsp;<\/p>\n<p>Dans les deux cas, les propositions de modification sont inscrites \u00e0 l\u2019ordre du jour et jointes \u00e0 la convocation \u00e0 l\u2019assembl\u00e9e g\u00e9n\u00e9rale.<\/p>\n<p>&nbsp;<\/p>\n<p>Les modifications sont vot\u00e9es conform\u00e9ment \u00e0 la proc\u00e9dure pr\u00e9vue aux articles 7 et 8 des pr\u00e9sents statuts. La validit\u00e9 des modifications requiert la pr\u00e9sence ou la repr\u00e9sentation de trois quart des membres de l\u2019assembl\u00e9e g\u00e9n\u00e9rale et la majorit\u00e9 des deux tiers des voix des membres pr\u00e9sents et repr\u00e9sent\u00e9s.<\/p>\n<p>&nbsp;<\/p>\n<p><strong>Article 17\u00a0: R\u00e8glement int\u00e9rieur<\/strong><\/p>\n<p>&nbsp;<\/p>\n<p>Un r\u00e8glement int\u00e9rieur \u00e9tabli par le bureau et approuv\u00e9 par l\u2019assembl\u00e9e g\u00e9n\u00e9rale annuelle fixe les dispositions pratiques en mati\u00e8re d\u2019administration et de fonctionnement de l\u2019association, non express\u00e9ment pr\u00e9vues par les pr\u00e9sents statuts. Le bureau a comp\u00e9tence pour d\u00e9cider toute modification de ce r\u00e8glement int\u00e9rieur, et la proposer pour approbation \u00e0 l\u2019assembl\u00e9e g\u00e9n\u00e9rale la plus prochaine.<\/p>\n<p>&nbsp;<\/p>\n<p><strong>Article 18\u00a0: Dissolution<\/strong><\/p>\n<p>&nbsp;<\/p>\n<p>En cas de dissolution de l\u2019association, une assembl\u00e9e g\u00e9n\u00e9rale est convoqu\u00e9e sp\u00e9cialement \u00e0 cet effet dans les conditions pr\u00e9vues aux articles 7 et 8.<\/p>\n<p>La validit\u00e9 de la dissolution requiert la pr\u00e9sence ou la repr\u00e9sentation de trois quart des membres de l\u2019assembl\u00e9e g\u00e9n\u00e9rale et la majorit\u00e9 des deux tiers des voix des membres pr\u00e9sents et repr\u00e9sent\u00e9s.<\/p>\n<p>&nbsp;<\/p>\n<p>Une personne charg\u00e9e de la liquidation des biens de l\u2019association est d\u00e9sign\u00e9e.<\/p>\n<p>L\u2019actif restant ne peut \u00eatre reparti entre les membres. Il est d\u00e9volu soit \u00e0 la F\u00e9d\u00e9ration, soit \u00e0 l\u2019un de ses Comit\u00e9s, soit \u00e0 une association affili\u00e9e ou du m\u00eame objet.<\/p>\n<p>&nbsp;<\/p>\n<p>&nbsp;<\/p>\n<p>A Limours le 8 juin 2007<\/p>\n<p>&nbsp;<\/p>\n<p>La Pr\u00e9sidente,\u00a0\u00a0\u00a0\u00a0\u00a0\u00a0\u00a0\u00a0\u00a0\u00a0\u00a0\u00a0\u00a0\u00a0\u00a0\u00a0\u00a0\u00a0\u00a0\u00a0\u00a0\u00a0\u00a0\u00a0\u00a0\u00a0\u00a0\u00a0\u00a0\u00a0\u00a0\u00a0\u00a0\u00a0\u00a0\u00a0\u00a0\u00a0\u00a0\u00a0\u00a0\u00a0\u00a0\u00a0\u00a0\u00a0\u00a0\u00a0\u00a0\u00a0\u00a0\u00a0\u00a0\u00a0\u00a0\u00a0\u00a0\u00a0\u00a0\u00a0\u00a0\u00a0\u00a0\u00a0\u00a0\u00a0\u00a0\u00a0\u00a0\u00a0\u00a0\u00a0\u00a0\u00a0\u00a0\u00a0\u00a0\u00a0\u00a0\u00a0\u00a0\u00a0\u00a0\u00a0 Le Secr\u00e9taire,<\/p>\n<p>Num\u00e9ro d&#8217;agr\u00e9ment pr\u00e9fectoral : W913004397<\/p>\n","protected":false},"excerpt":{"rendered":"<p>I \u2013 L\u2019Association &nbsp; Article 1\u00a0: D\u00e9nomination, objet et dur\u00e9e &nbsp; L\u2019association Club de RAndonn\u00e9e du PAys du HUrepoix (CRAPAHU), fond\u00e9e le 29 avril 2007, a pour objet la pratique&hellip;<\/p>\n","protected":false},"author":417,"featured_media":0,"parent":82,"menu_order":0,"comment_status":"closed","ping_status":"closed","template":"","meta":{"footnotes":""},"class_list":["post-2078","page","type-page","status-publish","hentry","no-post-thumbnail"],"_links":{"self":[{"href":"https:\/\/crapahu.fr\/index.php?rest_route=\/wp\/v2\/pages\/2078","targetHints":{"allow":["GET"]}}],"collection":[{"href":"https:\/\/crapahu.fr\/index.php?rest_route=\/wp\/v2\/pages"}],"about":[{"href":"https:\/\/crapahu.fr\/index.php?rest_route=\/wp\/v2\/types\/page"}],"author":[{"embeddable":true,"href":"https:\/\/crapahu.fr\/index.php?rest_route=\/wp\/v2\/users\/417"}],"replies":[{"embeddable":true,"href":"https:\/\/crapahu.fr\/index.php?rest_route=%2Fwp%2Fv2%2Fcomments&post=2078"}],"version-history":[{"count":3,"href":"https:\/\/crapahu.fr\/index.php?rest_route=\/wp\/v2\/pages\/2078\/revisions"}],"predecessor-version":[{"id":2122,"href":"https:\/\/crapahu.fr\/index.php?rest_route=\/wp\/v2\/pages\/2078\/revisions\/2122"}],"up":[{"embeddable":true,"href":"https:\/\/crapahu.fr\/index.php?rest_route=\/wp\/v2\/pages\/82"}],"wp:attachment":[{"href":"https:\/\/crapahu.fr\/index.php?rest_route=%2Fwp%2Fv2%2Fmedia&parent=2078"}],"curies":[{"name":"wp","href":"https:\/\/api.w.org\/{rel}","templated":true}]}}