{"id":2070,"date":"2024-02-05T12:38:19","date_gmt":"2024-02-05T11:38:19","guid":{"rendered":"http:\/\/crapahu.fr\/?page_id=2070"},"modified":"2025-01-22T16:46:03","modified_gmt":"2025-01-22T15:46:03","slug":"le-bureau-de-crapahu","status":"publish","type":"page","link":"https:\/\/crapahu.fr\/?page_id=2070","title":{"rendered":"Le Bureau de CRAPAHU"},"content":{"rendered":"<p>Isabelle ROUGELOT (Pr\u00e9sidente)<\/p>\n<p>Jeannik MARCAULT (Pr\u00e9sident adjoint)<\/p>\n<p>V\u00e9ronique LUMIA (Secr\u00e9taire)<\/p>\n<p>Catherine RIO (Tr\u00e9sori\u00e8re)<\/p>\n<p>Lo\u00efc ROUGELOT (Tr\u00e9sorier Adjoint)<\/p>\n<p>Sylvie MERCIER (Suivi des s\u00e9jours)<\/p>\n<p>Daniel PIERLET (Suivi de la FFRP)<\/p>\n<p>Jean-Claude PIWOWARCZYK (Webmaster)<\/p>\n<p>Philippe ZANINI (Planning)<\/p>\n","protected":false},"excerpt":{"rendered":"<p>Isabelle ROUGELOT (Pr\u00e9sidente) Jeannik MARCAULT (Pr\u00e9sident adjoint) V\u00e9ronique LUMIA (Secr\u00e9taire) Catherine RIO (Tr\u00e9sori\u00e8re) Lo\u00efc ROUGELOT (Tr\u00e9sorier Adjoint) Sylvie MERCIER (Suivi des s\u00e9jours) Daniel PIERLET (Suivi de la FFRP) Jean-Claude PIWOWARCZYK&hellip;<\/p>\n","protected":false},"author":414,"featured_media":0,"parent":82,"menu_order":0,"comment_status":"closed","ping_status":"closed","template":"","meta":{"footnotes":""},"class_list":["post-2070","page","type-page","status-publish","hentry","no-post-thumbnail"],"_links":{"self":[{"href":"https:\/\/crapahu.fr\/index.php?rest_route=\/wp\/v2\/pages\/2070","targetHints":{"allow":["GET"]}}],"collection":[{"href":"https:\/\/crapahu.fr\/index.php?rest_route=\/wp\/v2\/pages"}],"about":[{"href":"https:\/\/crapahu.fr\/index.php?rest_route=\/wp\/v2\/types\/page"}],"author":[{"embeddable":true,"href":"https:\/\/crapahu.fr\/index.php?rest_route=\/wp\/v2\/users\/414"}],"replies":[{"embeddable":true,"href":"https:\/\/crapahu.fr\/index.php?rest_route=%2Fwp%2Fv2%2Fcomments&post=2070"}],"version-history":[{"count":4,"href":"https:\/\/crapahu.fr\/index.php?rest_route=\/wp\/v2\/pages\/2070\/revisions"}],"predecessor-version":[{"id":6526,"href":"https:\/\/crapahu.fr\/index.php?rest_route=\/wp\/v2\/pages\/2070\/revisions\/6526"}],"up":[{"embeddable":true,"href":"https:\/\/crapahu.fr\/index.php?rest_route=\/wp\/v2\/pages\/82"}],"wp:attachment":[{"href":"https:\/\/crapahu.fr\/index.php?rest_route=%2Fwp%2Fv2%2Fmedia&parent=2070"}],"curies":[{"name":"wp","href":"https:\/\/api.w.org\/{rel}","templated":true}]}}